{"id":61,"date":"2024-10-06T22:57:09","date_gmt":"2024-10-06T20:57:09","guid":{"rendered":"https:\/\/demosites.io\/marketing-agency-gb\/?page_id=61"},"modified":"2024-10-20T10:09:54","modified_gmt":"2024-10-20T08:09:54","slug":"about-me","status":"publish","type":"page","link":"https:\/\/ghasemi-it.com\/","title":{"rendered":"About Me"},"content":{"rendered":"\n<p>Mein Name ist Hadi Ghasemi. Ich habe einen Masterabschluss in IT-Management und verf\u00fcge \u00fcber umfangreiche Erfahrungen in der IT-Branche. W\u00e4hrend meines Studiums habe ich fundierte Kenntnisse in verschiedenen Bereichen der Informatik erworben, darunter Softwareentwicklung, Datenbanken und Netzwerktechnologien.<br>Mit \u00fcber 10 Jahren Berufserfahrung als IT-Support-Spezialist habe ich umfangreiche Kenntnisse in der Wartung und Optimierung von IT-Infrastrukturen gesammelt. Ich biete kompetente Unterst\u00fctzung im 1st- und 2nd-Level-Support, spezialisiert auf die Diagnose und Behebung technischer Probleme sowie die Verwaltung von Netzwerken und Benutzerkonten. Meine F\u00e4higkeiten in der Konfiguration und Wartung von Windows Servern und Active Directory erm\u00f6glichen es mir, sowohl lokale als auch Remote-Arbeitspl\u00e4tze effizient zu unterst\u00fctzen.<br>Ich lege besonderen Wert auf einen exzellenten Kundenservice und die F\u00e4higkeit, technische Zusammenh\u00e4nge verst\u00e4ndlich zu erkl\u00e4ren, insbesondere f\u00fcr nicht-technische Anwender. Zu meinen St\u00e4rken geh\u00f6ren ein l\u00f6sungsorientierter Ansatz, eine pr\u00e4zise Arbeitsweise und kontinuierliche Lernbereitschaft.<\/p>\n\n\n\n<p><strong><span class=\"highlight\">Technische F\u00e4higkeiten:<\/span><\/strong><\/p>\n\n\n\n<ul class=\"wp-block-list\">\n<li>Support und Fehlerbehebung: 1st- und 2nd-Level-Support, Fehlerdiagnose, Remote-Support (TeamViewer, AnyDesk)<\/li>\n\n\n\n<li>Netzwerkadministration: Konfiguration von LAN, WLAN, TCP\/IP, DNS, DHCP, VPN<\/li>\n\n\n\n<li>Server-Management: Verwaltung und Konfiguration von Windows Servern (2022, 2019, 2016)<\/li>\n\n\n\n<li>Benutzerverwaltung: Active Directory (Konten- und Passwortverwaltung)<\/li>\n\n\n\n<li>IT-Sicherheit: Antivirus, Firewall-Konfiguration, VPN-Einrichtung und -Verwaltung<\/li>\n\n\n\n<li>IT-Service-Management: Nutzung von Ticketsystemen zur effizienten Probleml\u00f6sung<\/li>\n\n\n\n<li>Virtualisierung: VMware, Backup-L\u00f6sungen (Veeam)<\/li>\n\n\n\n<li>Tools &amp; Software: MS Office, Microsoft 365, Windows 10 &amp; 11, Python, C++, C#<\/li>\n<\/ul>\n\n\n\n<div class=\"wp-block-uagb-image aligncenter uagb-block-dae87df0 wp-block-uagb-image--layout-default wp-block-uagb-image--effect-static wp-block-uagb-image--align-center\"><figure class=\"wp-block-uagb-image__figure\"><img loading=\"lazy\" decoding=\"async\" srcset=\"https:\/\/ghasemi-it.com\/wp-content\/uploads\/2024\/10\/cropped-photo_2024-10-06_21-58-38-738x1024.png ,https:\/\/ghasemi-it.com\/wp-content\/uploads\/2024\/10\/cropped-photo_2024-10-06_21-58-38.png 780w, https:\/\/ghasemi-it.com\/wp-content\/uploads\/2024\/10\/cropped-photo_2024-10-06_21-58-38.png 360w\" sizes=\"auto, (max-width: 480px) 150px\" src=\"https:\/\/ghasemi-it.com\/wp-content\/uploads\/2024\/10\/cropped-photo_2024-10-06_21-58-38-738x1024.png\" alt=\"\" class=\"uag-image-982\" width=\"324\" height=\"450\" title=\"cropped-photo_2024-10-06_21-58-38.png\" loading=\"lazy\" role=\"img\"\/><\/figure><\/div>\n\n\n\n<p class=\"has-text-align-center\"><strong>&#8220;Ihre IT. Sicher. Schnell. Zuverl\u00e4ssig.&#8221;<\/strong><\/p>\n\n\n\n<p><\/p>\n","protected":false},"excerpt":{"rendered":"<p>Mein Name ist Hadi Ghasemi. Ich habe einen Masterabschluss in IT-Management und verf\u00fcge \u00fcber umfangreiche Erfahrungen in der IT-Branche. W\u00e4hrend meines Studiums habe ich fundierte Kenntnisse in verschiedenen Bereichen der Informatik erworben, darunter Softwareentwicklung, Datenbanken und Netzwerktechnologien.Mit \u00fcber 10 Jahren Berufserfahrung als IT-Support-Spezialist habe ich umfangreiche Kenntnisse in der Wartung und Optimierung von IT-Infrastrukturen gesammelt.<\/p>\n<div class=\"more-link\">\n\t\t\t\t <a href=\"https:\/\/ghasemi-it.com\/\" class=\"link-btn theme-btn\"><span>Read More <\/span> <i class=\"fa fa-caret-right\"><\/i><\/a>\n\t\t\t<\/div>\n","protected":false},"author":1,"featured_media":0,"parent":0,"menu_order":0,"comment_status":"open","ping_status":"closed","template":"","meta":{"_uag_custom_page_level_css":"","pgc_sgb_lightbox_settings":"","_themeisle_gutenberg_block_has_review":false,"_ti_tpc_template_sync":false,"_ti_tpc_template_id":"eex7gnweb2m8vo93cr1g","footnotes":""},"class_list":["post-61","page","type-page","status-publish","hentry"],"uagb_featured_image_src":{"full":false,"thumbnail":false,"medium":false,"medium_large":false,"large":false,"1536x1536":false,"2048x2048":false},"uagb_author_info":{"display_name":"admin","author_link":"https:\/\/ghasemi-it.com\/index.php\/author\/admin_vz9t18d2\/"},"uagb_comment_info":0,"uagb_excerpt":"Mein Name ist Hadi Ghasemi. Ich habe einen Masterabschluss in IT-Management und verf\u00fcge \u00fcber umfangreiche Erfahrungen in der IT-Branche. W\u00e4hrend meines Studiums habe ich fundierte Kenntnisse in verschiedenen Bereichen der Informatik erworben, darunter Softwareentwicklung, Datenbanken und Netzwerktechnologien.Mit \u00fcber 10 Jahren Berufserfahrung als IT-Support-Spezialist habe ich umfangreiche Kenntnisse in der Wartung und Optimierung von IT-Infrastrukturen gesammelt.&hellip;","_links":{"self":[{"href":"https:\/\/ghasemi-it.com\/index.php\/wp-json\/wp\/v2\/pages\/61","targetHints":{"allow":["GET"]}}],"collection":[{"href":"https:\/\/ghasemi-it.com\/index.php\/wp-json\/wp\/v2\/pages"}],"about":[{"href":"https:\/\/ghasemi-it.com\/index.php\/wp-json\/wp\/v2\/types\/page"}],"author":[{"embeddable":true,"href":"https:\/\/ghasemi-it.com\/index.php\/wp-json\/wp\/v2\/users\/1"}],"replies":[{"embeddable":true,"href":"https:\/\/ghasemi-it.com\/index.php\/wp-json\/wp\/v2\/comments?post=61"}],"version-history":[{"count":60,"href":"https:\/\/ghasemi-it.com\/index.php\/wp-json\/wp\/v2\/pages\/61\/revisions"}],"predecessor-version":[{"id":1379,"href":"https:\/\/ghasemi-it.com\/index.php\/wp-json\/wp\/v2\/pages\/61\/revisions\/1379"}],"wp:attachment":[{"href":"https:\/\/ghasemi-it.com\/index.php\/wp-json\/wp\/v2\/media?parent=61"}],"curies":[{"name":"wp","href":"https:\/\/api.w.org\/{rel}","templated":true}]}}